{"id":1598,"date":"2024-09-10T15:04:40","date_gmt":"2024-09-10T15:04:40","guid":{"rendered":"https:\/\/reduta.zhp.pl\/?page_id=1598"},"modified":"2024-09-11T19:16:33","modified_gmt":"2024-09-11T19:16:33","slug":"odznaka-turystyczna-regionu-belchatowskiego","status":"publish","type":"page","link":"https:\/\/reduta.zhp.pl\/?page_id=1598","title":{"rendered":"Odznaka Turystyczna Regionu Be\u0142chatowskiego"},"content":{"rendered":"<div class=\"fusion-fullwidth fullwidth-box fusion-builder-row-1 fusion-flex-container nonhundred-percent-fullwidth non-hundred-percent-height-scrolling\" style=\"background-color: rgba(255,255,255,0);background-position: center center;background-repeat: no-repeat;border-width: 0px 0px 0px 0px;border-color:#e2e2e2;border-style:solid;\" ><div class=\"fusion-builder-row fusion-row fusion-flex-align-items-flex-start\" style=\"max-width:1248px;margin-left: calc(-4% \/ 2 );margin-right: calc(-4% \/ 2 );\"><div class=\"fusion-layout-column fusion_builder_column fusion-builder-column-0 fusion_builder_column_1_1 1_1 fusion-flex-column\"><div class=\"fusion-column-wrapper fusion-flex-justify-content-flex-start fusion-content-layout-column\" style=\"background-position:left top;background-repeat:no-repeat;-webkit-background-size:cover;-moz-background-size:cover;-o-background-size:cover;background-size:cover;padding: 0px 0px 0px 0px;\"><script type=\"text\/javascript\">jQuery(function() { _initLayerSlider( '#layerslider_31_156wjr5peltu9', {createdWith: '6.11.8', sliderVersion: '6.11.8', type: 'fullwidth', skin: 'v6', skinsPath: 'https:\/\/reduta.zhp.pl\/wp-content\/plugins\/LayerSlider\/assets\/static\/layerslider\/skins\/'}); });<\/script><div id=\"layerslider_31_156wjr5peltu9\" class=\"ls-wp-container fitvidsignore\" style=\"width:1280px;height:720px;margin:0 auto;margin-bottom: 0px;\"><div class=\"ls-slide\" data-ls=\"kenburnsscale:1.2;\"><img width=\"6912\" height=\"3456\" src=\"https:\/\/reduta.zhp.pl\/wp-content\/uploads\/2024\/09\/O-1.png\" class=\"ls-l\" alt=\"\" decoding=\"async\" srcset=\"https:\/\/reduta.zhp.pl\/wp-content\/uploads\/2024\/09\/O-1-200x100.png 200w, https:\/\/reduta.zhp.pl\/wp-content\/uploads\/2024\/09\/O-1-300x150.png 300w, https:\/\/reduta.zhp.pl\/wp-content\/uploads\/2024\/09\/O-1-400x200.png 400w, https:\/\/reduta.zhp.pl\/wp-content\/uploads\/2024\/09\/O-1-600x300.png 600w, https:\/\/reduta.zhp.pl\/wp-content\/uploads\/2024\/09\/O-1-768x384.png 768w, https:\/\/reduta.zhp.pl\/wp-content\/uploads\/2024\/09\/O-1-800x400.png 800w, https:\/\/reduta.zhp.pl\/wp-content\/uploads\/2024\/09\/O-1-1024x512.png 1024w, https:\/\/reduta.zhp.pl\/wp-content\/uploads\/2024\/09\/O-1-1200x600.png 1200w, https:\/\/reduta.zhp.pl\/wp-content\/uploads\/2024\/09\/O-1-1536x768.png 1536w, https:\/\/reduta.zhp.pl\/wp-content\/uploads\/2024\/09\/O-1.png 6912w\" sizes=\"(max-width: 6912px) 100vw, 6912px\" style=\"top:-4px;left:0px;background-size:inherit;background-position:inherit;width:1281px;height:642px;\"><\/div><\/div><style type=\"text\/css\">@media only screen and (max-width:1024px) {.fusion-title.fusion-title-1{margin-top:10px!important; margin-right:0px!important;margin-bottom:15px!important;margin-left:0px!important;}}@media only screen and (max-width:640px) {.fusion-title.fusion-title-1{margin-top:10px!important; margin-right:0px!important;margin-bottom:10px!important; margin-left:0px!important;}}<\/style><div class=\"fusion-title title fusion-title-1 fusion-sep-none fusion-title-text fusion-title-size-one\" style=\"margin-top:10px;margin-right:0px;margin-bottom:15px;margin-left:0px;\"><h1 class=\"title-heading-left fusion-responsive-typography-calculated\" style=\"margin:0;--fontSize:54;line-height:1.16;\"><p style=\"text-align: center;\">Regulamin Odznaki Krajoznawczej<\/p>\n<p style=\"text-align: center;\">Regionu Be\u0142chatowskiego<\/p><\/h1><\/div><div class=\"fusion-text fusion-text-1\"><h5>I. Postanowienia wst\u0119pne<\/h5>\n<p>1. Odznaka Krajoznawcza Regionu Be\u0142chatowskiego (dalej zwana Odznak\u0105) zosta\u0142a ustanowiona przez Polskie Towarzystwo Turystyczno-Krajoznawcze Oddzia\u0142 \u0141\u00f3dzki im. Jana Czeraszkiewicza w \u0141odzi na wniosek Ko\u0142a PTTK Klub W\u0142\u00f3czykij\u00f3w dzia\u0142aj\u0105ce przy Hufcu ZHP Reduta z siedzib\u0105 w Be\u0142chatowie.<br \/>2. Celem Odznaki jest zach\u0119cenie mieszka\u0144c\u00f3w regionu be\u0142chatowskiego do uprawiania turystyki kwalifikowanej, poznawania walor\u00f3w turystycznych i krajoznawczych najbli\u017cszej okolicy oraz historii ich ma\u0142ej ojczyzny.<br \/>3. Ustanawia si\u0119 trzy stopnie Odznaki, kto re nale\u017cy zdobywa\u0107 jedynie w podanej kolejno\u015bci:<br \/>\u2022 br\u0105zowa,<br \/>\u2022 srebrna,<br \/>\u2022 z\u0142ota.<\/p>\n<h5>II. Warunki zdobywania odznaki<\/h5>\n<p>1. Odznaka mo\u017ce by\u0107 zdobywana na terenie miasta Be\u0142chatowa oraz terenie Powiatu Be\u0142chatowskiego.<br \/>2. Odznaka mo\u017ce by\u0107 zdobywana przez ka\u017cd\u0105 osob\u0119.<br \/>3. Czas zdobywania poszczeg\u00f3lnych stopni jest nieograniczony.<br \/>4. Odznak\u0119 zdobywa si\u0119 w kolejno\u015bci stopni.<br \/>5. Punkty zdobyte ponad ustalon\u0105 norm\u0119 dla danego stopnia odznaki b\u0119d\u0105 zaliczane na poczet odznaki wy\u017cszego stopnia<br \/>6. Wybrany obiekt zalicza si\u0119 tylko raz niezale\u017cnie od stopnia odznaki.<br \/>7. Podstaw\u0105 do przyznania Odznaki jest zdobycie ustalonej dla danego stopnia ilo\u015bci punkt\u00f3w <br \/>oraz udokumentowanie zdobywania Odznaki:<br \/>\u2022 stopie\u0144 br\u0105zowy \u2013 50 punkt\u00f3w,<br \/>\u2022 stopie\u0144 srebrny \u2013 100 punkt\u00f3w,<br \/>\u2022 stopie\u0144 z\u0142oty \u2013 150 punkt\u00f3w.<\/p>\n<h5>III. Punktacja<\/h5>\n<p>1. Za ka\u017cdy obiekt z danej kategorii ustanawia si\u0119 poni\u017csz\u0105 liczb\u0119 punkt\u00f3w:<br \/>\u2022 Muzea \u2013 15 punkt\u00f3w,<br \/>\u2022 Zabytki sakralne, przemys\u0142owe, rezydencjonalne \u2013 7 punkt\u00f3w,<br \/>\u2022 Pomniki \u2013 2 punkty,<br \/>\u2022 Murale \u2013 2 punkty<br \/>\u2022 Cmentarze wojenne, miejsca pami\u0119ci, miejsca bitew \u2013 4 punkty,<br \/>\u2022 Obszary NATURA 2000 &#8211; 15 pkt<br \/>\u2022 Rezerwaty przyrody &#8211; 5 pkt<br \/>\u2022 Obszary ochrony krajobrazu &#8211; 3 pkt<br \/>\u2022 Pomniki przyrody, skupiska pomnik\u00f3w tego samego rodzaju &#8211; 2 pkt<br \/>\u2022 \u015acie\u017cki przyrodnicze, izby le\u015bne, u\u017cytki ekologiczne &#8211; 4 pkt<br \/>\u2022 Parki dworskie &#8211; 3 pkt<br \/>\u2022 Udzia\u0142 w uroczysto\u015bciach miejskich, powiatowych i gminnych \u2013 3 pkt<br \/>\u2022 Udzia\u0142 w dowolnym rajdzie pieszym lub rowerowym na terenie miasta <br \/>Be\u0142chatowa i powiatu be\u0142chatowskiego \u2013 5 punkt\u00f3w<\/p>\n<h5>IV. Potwierdzenie i weryfikacja zdobycia odznaki<\/h5>\n<p>1. Podstaw\u0105 do ubiegania si\u0119 o przyznanie odznaki jest dowolna forma kroniki.<br \/>2. Ka\u017cdy obiekt w kronice musi zawiera\u0107 dat\u0119 zwiedzania, nazw\u0119 obiektu i potwierdzenie zwiedzania.<br \/>3. Potwierdzeniem mog\u0105 by\u0107 piecz\u0105tki ze zwiedzanych miejsc, bilety wst\u0119pu lub samodzielnie wykonane fotografie.<br \/>4. Z zapis\u00f3w w ksi\u0105\u017ceczce &#8211; kronice musi jednoznacznie wynika, \u017ce ubiegaj\u0105cy si\u0119 o Odznak\u0119 osobi\u015bcie ogl\u0105da\u0142 i pozna\u0142 obiekty.<br \/>5. Odznaka przyznawana jest przez kapitu\u0142\u0119, sk\u0142adaj\u0105ca si\u0119 z cz\u0142onk\u00f3w PTTK, b\u0119d\u0105cych instruktorami Zespo\u0142u Programowego Hufca ZHP Reduta.<br \/>6. Ksi\u0105\u017ceczka w celu weryfikacji powinna by\u0107 dostarczona do siedziby Hufca ZHP Reduta (97-400 Be\u0142chat\u00f3w, os. Dolno\u015bl\u0105skie 204B) lub wys\u0142ana mailowo na adres: reduta@zhp.pl<\/p>\n<h5>Wygl\u0105d odznaki<\/h5>\n<p>Odznaka ma wysoko\u015b\u0107 3 cm i wygl\u0105d wed\u0142ug za\u0142\u0105czonego wzoru:<\/p>\n<p>\u00a0<\/p>\n<\/div><div ><span class=\" fusion-imageframe imageframe-none imageframe-1 hover-type-none\" style=\"margin-left:100px;\"><img decoding=\"async\" width=\"1001\" height=\"453\" title=\"odznaka turystyczna be\u0142chat\u00f3w-02\" src=\"https:\/\/reduta.zhp.pl\/wp-content\/uploads\/2024\/09\/odznaka-turystyczna-belchatow-02-2.png\" class=\"img-responsive wp-image-1618\" srcset=\"https:\/\/reduta.zhp.pl\/wp-content\/uploads\/2024\/09\/odznaka-turystyczna-belchatow-02-2-200x91.png 200w, https:\/\/reduta.zhp.pl\/wp-content\/uploads\/2024\/09\/odznaka-turystyczna-belchatow-02-2-400x181.png 400w, https:\/\/reduta.zhp.pl\/wp-content\/uploads\/2024\/09\/odznaka-turystyczna-belchatow-02-2-600x272.png 600w, https:\/\/reduta.zhp.pl\/wp-content\/uploads\/2024\/09\/odznaka-turystyczna-belchatow-02-2-800x362.png 800w, https:\/\/reduta.zhp.pl\/wp-content\/uploads\/2024\/09\/odznaka-turystyczna-belchatow-02-2.png 1001w\" sizes=\"(max-width: 640px) 100vw, 1001px\" \/><\/span><\/div><\/div><style type=\"text\/css\">.fusion-body .fusion-builder-column-0{width:100% !important;margin-top : 0px;margin-bottom : 20px;}.fusion-builder-column-0 > .fusion-column-wrapper {padding-top : 0px !important;padding-right : 0px !important;margin-right : 1.92%;padding-bottom : 0px !important;padding-left : 0px !important;margin-left : 1.92%;}@media only screen and (max-width:1024px) {.fusion-body .fusion-builder-column-0{width:100% !important;order : 0;}.fusion-builder-column-0 > .fusion-column-wrapper {margin-right : 1.92%;margin-left : 1.92%;}}@media only screen and (max-width:640px) {.fusion-body .fusion-builder-column-0{width:100% !important;order : 0;}.fusion-builder-column-0 > .fusion-column-wrapper {margin-right : 1.92%;margin-left : 1.92%;}}<\/style><\/div><\/div><style type=\"text\/css\">.fusion-body .fusion-flex-container.fusion-builder-row-1{ padding-top : 0px;margin-top : 0px;padding-right : 0px;padding-bottom : 0px;margin-bottom : 0px;padding-left : 0px;}<\/style><\/div>\n","protected":false},"excerpt":{"rendered":"","protected":false},"author":5,"featured_media":0,"parent":0,"menu_order":0,"comment_status":"closed","ping_status":"closed","template":"","meta":{"inline_featured_image":false},"_links":{"self":[{"href":"https:\/\/reduta.zhp.pl\/index.php?rest_route=\/wp\/v2\/pages\/1598"}],"collection":[{"href":"https:\/\/reduta.zhp.pl\/index.php?rest_route=\/wp\/v2\/pages"}],"about":[{"href":"https:\/\/reduta.zhp.pl\/index.php?rest_route=\/wp\/v2\/types\/page"}],"author":[{"embeddable":true,"href":"https:\/\/reduta.zhp.pl\/index.php?rest_route=\/wp\/v2\/users\/5"}],"replies":[{"embeddable":true,"href":"https:\/\/reduta.zhp.pl\/index.php?rest_route=%2Fwp%2Fv2%2Fcomments&post=1598"}],"version-history":[{"count":13,"href":"https:\/\/reduta.zhp.pl\/index.php?rest_route=\/wp\/v2\/pages\/1598\/revisions"}],"predecessor-version":[{"id":1623,"href":"https:\/\/reduta.zhp.pl\/index.php?rest_route=\/wp\/v2\/pages\/1598\/revisions\/1623"}],"wp:attachment":[{"href":"https:\/\/reduta.zhp.pl\/index.php?rest_route=%2Fwp%2Fv2%2Fmedia&parent=1598"}],"curies":[{"name":"wp","href":"https:\/\/api.w.org\/{rel}","templated":true}]}}