{"id":1526,"date":"2024-02-13T09:12:25","date_gmt":"2024-02-13T09:12:25","guid":{"rendered":"https:\/\/reduta.zhp.pl\/?page_id=1526"},"modified":"2026-01-11T11:25:16","modified_gmt":"2026-01-11T11:25:16","slug":"przekaz-nam-swoje-15","status":"publish","type":"page","link":"https:\/\/reduta.zhp.pl\/?page_id=1526","title":{"rendered":"Przeka\u017c nam swoje 1,5%"},"content":{"rendered":"<div class=\"fusion-fullwidth fullwidth-box fusion-builder-row-1 fusion-flex-container nonhundred-percent-fullwidth non-hundred-percent-height-scrolling\" style=\"background-color: rgba(255,255,255,0);background-position: center center;background-repeat: no-repeat;border-width: 0px 0px 0px 0px;border-color:#e2e2e2;border-style:solid;\" ><div class=\"fusion-builder-row fusion-row fusion-flex-align-items-flex-start\" style=\"max-width:1248px;margin-left: calc(-4% \/ 2 );margin-right: calc(-4% \/ 2 );\"><div class=\"fusion-layout-column fusion_builder_column fusion-builder-column-0 fusion_builder_column_1_1 1_1 fusion-flex-column fusion-column-inner-bg-wrapper\"><div class=\"fusion-column-wrapper fusion-flex-justify-content-flex-start fusion-content-layout-column\" style=\"padding: 0px 0px 0px 188px;\"><div ><span class=\" fusion-imageframe imageframe-none imageframe-1 hover-type-none\" style=\"margin-left:105px;\"><img decoding=\"async\" width=\"1200\" height=\"1200\" title=\"img_20260106_033635_740\" src=\"https:\/\/reduta.zhp.pl\/wp-content\/uploads\/2026\/01\/img_20260106_033635_740.jpg\" class=\"img-responsive wp-image-1719\" srcset=\"https:\/\/reduta.zhp.pl\/wp-content\/uploads\/2026\/01\/img_20260106_033635_740-200x200.jpg 200w, https:\/\/reduta.zhp.pl\/wp-content\/uploads\/2026\/01\/img_20260106_033635_740-400x400.jpg 400w, https:\/\/reduta.zhp.pl\/wp-content\/uploads\/2026\/01\/img_20260106_033635_740-600x600.jpg 600w, https:\/\/reduta.zhp.pl\/wp-content\/uploads\/2026\/01\/img_20260106_033635_740-800x800.jpg 800w, https:\/\/reduta.zhp.pl\/wp-content\/uploads\/2026\/01\/img_20260106_033635_740.jpg 1200w\" sizes=\"(max-width: 640px) 100vw, 1200px\" \/><\/span><\/div><div class=\"fusion-text fusion-text-1\"><h1 class=\"western\" style=\"text-align: center;\" align=\"left\"><span style=\"font-family: Museo 300, monospace;\">Przeka\u017c nam 1,5% swojego podatku!<\/span><\/h1>\n<p class=\"western\"><span style=\"font-family: Museo 300, monospace;\">Nie wiemy, czy wiesz, ale Zwi\u0105zek Harcerstwa Polskiego znajduje si\u0119 na li\u015bcie organizacji, kt\u00f3re posiadaj\u0105 status organizacji po\u017cytku publicznego i z tego tytu\u0142u ma prawo otrzymywa\u0107 1,5% podatku dochodowego.<\/span><\/p>\n<p class=\"western\"><span style=\"font-family: Museo 300, monospace;\">Podczas rozliczania tegorocznego PIT-u pomy\u015bl o swoim dziecku i przeka\u017c 1,5% na jego harcersk\u0105 przygod\u0119! Jak to zrobi\u0107? Zaloguj si\u0119 do Portalu Podatkowego i wska\u017c ZHP w PIT 37 lub PIT 38, jako organizacj\u0119, kt\u00f3rej chcesz przekaza\u0107 sw\u00f3j 1,5%. Wystarczy, \u017ce wpiszesz:<\/span><\/p>\n<\/div><div class=\"fusion-builder-row fusion-builder-row-inner fusion-row fusion-flex-align-items-flex-start\" style=\"width:104% !important;max-width:104% !important;margin-left: calc(-4% \/ 2 );margin-right: calc(-4% \/ 2 );\"><div class=\"fusion-layout-column fusion_builder_column_inner fusion-builder-nested-column-0 fusion_builder_column_inner_1_2 1_2 fusion-flex-column\"><div class=\"fusion-column-wrapper fusion-flex-justify-content-flex-start fusion-content-layout-column\" style=\"background-position:left top;background-repeat:no-repeat;-webkit-background-size:cover;-moz-background-size:cover;-o-background-size:cover;background-size:cover;padding: 0px 0px 0px 0px;\"><style type='text\/css'>.reading-box-container-1 .element-bottomshadow:before,.reading-box-container-1 .element-bottomshadow:after{opacity:0.7;}<\/style><div class=\"fusion-reading-box-container reading-box-container-1\" style=\"margin-top:0px;margin-bottom:20px;\"><div class=\"reading-box reading-box-center\" style=\"background-color:#f9f9fb;border-width:1px;border-color:rgba(226,226,226,0);border-bottom-width:3px;border-bottom-color:var(--primary_color);border-style:solid;\"><h2>NUMER KRS<\/h2><div class=\"reading-box-description fusion-reading-box-additional\">0000283814<\/div><div class=\"fusion-clearfix\"><\/div><\/div><\/div><\/div><style type=\"text\/css\">.fusion-body .fusion-builder-nested-column-0{width:50% !important;margin-top : 0px;margin-bottom : 20px;}.fusion-builder-nested-column-0 > .fusion-column-wrapper {padding-top : 0px !important;padding-right : 0px !important;margin-right : 3.84%;padding-bottom : 0px !important;padding-left : 0px !important;margin-left : 3.84%;}@media only screen and (max-width:1024px) {.fusion-body .fusion-builder-nested-column-0{width:50% !important;order : 0;}.fusion-builder-nested-column-0 > .fusion-column-wrapper {margin-right : 3.84%;margin-left : 3.84%;}}@media only screen and (max-width:640px) {.fusion-body .fusion-builder-nested-column-0{width:100% !important;order : 0;}.fusion-builder-nested-column-0 > .fusion-column-wrapper {margin-right : 1.92%;margin-left : 1.92%;}}<\/style><\/div><div class=\"fusion-layout-column fusion_builder_column_inner fusion-builder-nested-column-1 fusion_builder_column_inner_1_2 1_2 fusion-flex-column\"><div class=\"fusion-column-wrapper fusion-flex-justify-content-flex-start fusion-content-layout-column\" style=\"background-position:left top;background-repeat:no-repeat;-webkit-background-size:cover;-moz-background-size:cover;-o-background-size:cover;background-size:cover;padding: 0px 0px 0px 0px;\"><style type='text\/css'>.reading-box-container-2 .element-bottomshadow:before,.reading-box-container-2 .element-bottomshadow:after{opacity:0.7;}<\/style><div class=\"fusion-reading-box-container reading-box-container-2\" style=\"margin-top:0px;margin-bottom:20px;\"><div class=\"reading-box reading-box-center\" style=\"background-color:#f9f9fb;border-width:1px;border-color:rgba(226,226,226,0);border-bottom-width:3px;border-bottom-color:var(--primary_color);border-style:solid;\"><h2>CEL SZCZEG\u00d3\u0141OWY<\/h2><div class=\"reading-box-description fusion-reading-box-additional\">HUFIEC REDUTA<\/div><div class=\"fusion-clearfix\"><\/div><\/div><\/div><\/div><style type=\"text\/css\">.fusion-body .fusion-builder-nested-column-1{width:50% !important;margin-top : 0px;margin-bottom : 20px;}.fusion-builder-nested-column-1 > .fusion-column-wrapper {padding-top : 0px !important;padding-right : 0px !important;margin-right : 3.84%;padding-bottom : 0px !important;padding-left : 0px !important;margin-left : 3.84%;}@media only screen and (max-width:1024px) {.fusion-body .fusion-builder-nested-column-1{width:50% !important;order : 0;}.fusion-builder-nested-column-1 > .fusion-column-wrapper {margin-right : 3.84%;margin-left : 3.84%;}}@media only screen and (max-width:640px) {.fusion-body .fusion-builder-nested-column-1{width:100% !important;order : 0;}.fusion-builder-nested-column-1 > .fusion-column-wrapper {margin-right : 1.92%;margin-left : 1.92%;}}<\/style><\/div><\/div><\/div><span class=\"fusion-column-inner-bg hover-type-zoomin\"><span class=\"fusion-column-anchor\"><span class=\"fusion-column-inner-bg-image\" style=\"background-position:left top;background-repeat:no-repeat;-webkit-background-size:cover;-moz-background-size:cover;-o-background-size:cover;background-size:cover;\"><\/span><\/span><\/span><style type=\"text\/css\">.fusion-body .fusion-builder-column-0{width:100% !important;margin-top : 0px;margin-bottom : 20px;}.fusion-builder-column-0 > .fusion-column-wrapper {padding-top : 0px !important;padding-right : 0px !important;margin-right : 1.92%;padding-bottom : 0px !important;padding-left : 188px !important;margin-left : 1.92%;}.fusion-flex-container .fusion-row .fusion-builder-column-0 > .fusion-column-inner-bg { margin-right:1.92%;margin-left:1.92%; }@media only screen and (max-width:1024px) {.fusion-body .fusion-builder-column-0{width:100% !important;order : 0;}.fusion-builder-column-0 > .fusion-column-wrapper {margin-right : 1.92%;margin-left : 1.92%;}.fusion-flex-container .fusion-row .fusion-builder-column-0 > .fusion-column-inner-bg { margin-right:1.92%;margin-left:1.92%; }}@media only screen and (max-width:640px) {.fusion-body .fusion-builder-column-0{width:100% !important;order : 0;}.fusion-builder-column-0 > .fusion-column-wrapper {margin-right : 1.92%;margin-left : 1.92%;}.fusion-flex-container .fusion-row .fusion-builder-column-0 > .fusion-column-inner-bg { margin-right:1.92%;margin-left:1.92%; }}<\/style><\/div><\/div><style type=\"text\/css\">.fusion-body .fusion-flex-container.fusion-builder-row-1{ padding-top : 0px;margin-top : 0px;padding-right : 0px;padding-bottom : 0px;margin-bottom : 0px;padding-left : 0px;}<\/style><\/div>\n","protected":false},"excerpt":{"rendered":"","protected":false},"author":5,"featured_media":0,"parent":0,"menu_order":0,"comment_status":"closed","ping_status":"closed","template":"","meta":{"inline_featured_image":false},"_links":{"self":[{"href":"https:\/\/reduta.zhp.pl\/index.php?rest_route=\/wp\/v2\/pages\/1526"}],"collection":[{"href":"https:\/\/reduta.zhp.pl\/index.php?rest_route=\/wp\/v2\/pages"}],"about":[{"href":"https:\/\/reduta.zhp.pl\/index.php?rest_route=\/wp\/v2\/types\/page"}],"author":[{"embeddable":true,"href":"https:\/\/reduta.zhp.pl\/index.php?rest_route=\/wp\/v2\/users\/5"}],"replies":[{"embeddable":true,"href":"https:\/\/reduta.zhp.pl\/index.php?rest_route=%2Fwp%2Fv2%2Fcomments&post=1526"}],"version-history":[{"count":6,"href":"https:\/\/reduta.zhp.pl\/index.php?rest_route=\/wp\/v2\/pages\/1526\/revisions"}],"predecessor-version":[{"id":1720,"href":"https:\/\/reduta.zhp.pl\/index.php?rest_route=\/wp\/v2\/pages\/1526\/revisions\/1720"}],"wp:attachment":[{"href":"https:\/\/reduta.zhp.pl\/index.php?rest_route=%2Fwp%2Fv2%2Fmedia&parent=1526"}],"curies":[{"name":"wp","href":"https:\/\/api.w.org\/{rel}","templated":true}]}}